{"id":75,"date":"2025-09-22T12:39:43","date_gmt":"2025-09-22T09:39:43","guid":{"rendered":"https:\/\/kokargsk.eu\/?page_id=75"},"modified":"2026-03-24T13:28:23","modified_gmt":"2026-03-24T10:28:23","slug":"planer-2025-2026","status":"publish","type":"page","link":"https:\/\/kokargsk.eu\/?page_id=75","title":{"rendered":"Planer 2025-2026"},"content":{"rendered":"\n<p><a href=\"https:\/\/kokarskommun-my.sharepoint.com\/:b:\/g\/personal\/johanna_hellstrom_kokar_ax\/IQBW3A7EX1wnSJfoHyqg81BHARaRdUIqu61VuILJEZK000w?e=saFdwJ\" target=\"_blank\" rel=\"noreferrer noopener\">Arbetsplan<\/a><\/p>\n\n\n\n<p><a href=\"https:\/\/kokargsk.eu\/wp-content\/uploads\/2025\/09\/Handlingsplan-for-fostrande-samtal-och-disciplinara-atgarder-for-Kokars-grundskola-reviderad-1.9.2025.pdf\">Handlingsplan f\u00f6r fostrande samtal<\/a><\/p>\n\n\n\n<p><a href=\"https:\/\/kokargsk.eu\/wp-content\/uploads\/2025\/09\/Jamstalldhets-och-likabehandlingsplan-reviderad-1.9.2025godkand-nov-23.pdf\" data-type=\"link\" data-id=\"https:\/\/kokargsk.eu\/wp-content\/uploads\/2025\/09\/Jamstalldhets-och-likabehandlingsplan-reviderad-1.9.2025godkand-nov-23.pdf\">J\u00e4mst\u00e4lldhets- och likabehandlingsplan<\/a><\/p>\n\n\n\n<p><a href=\"https:\/\/kokargsk.eu\/wp-content\/uploads\/2025\/09\/Antimobbningsplan-Handlingsplan-for-forebyggande-av-mobbning-och-sexuella-trakasserier-2025-2026.pdf\" data-type=\"link\" data-id=\"https:\/\/kokargsk.eu\/wp-content\/uploads\/2025\/09\/Antimobbningsplan-Handlingsplan-for-forebyggande-av-mobbning-och-sexuella-trakasserier-2025-2026.pdf\">Antimobbningsplan<\/a><\/p>\n\n\n\n<p><a href=\"https:\/\/kokargsk.eu\/wp-content\/uploads\/2025\/09\/Barn-och-elevhalsoplan-2025-2026.pdf\" data-type=\"link\" data-id=\"https:\/\/kokargsk.eu\/wp-content\/uploads\/2025\/09\/Barn-och-elevhalsoplan-2025-2026.pdf\">Barn- och elevh\u00e4lsoplan<\/a><\/p>\n\n\n\n<p><a href=\"https:\/\/kokargsk.eu\/wp-content\/uploads\/2025\/09\/IKT-plan-for-Kokars-grundskola-\u2013-2025-2026.pdf\" data-type=\"link\" data-id=\"https:\/\/kokargsk.eu\/wp-content\/uploads\/2025\/09\/IKT-plan-for-Kokars-grundskola-\u2013-2025-2026.pdf\">IKT-plan<\/a><\/p>\n\n\n\n<p><a href=\"https:\/\/kokargsk.eu\/wp-content\/uploads\/2025\/09\/Overgang-mellan-barnomsorg-och-skola-2.pdf\">Plan f\u00f6r \u00f6verg\u00e5ng mellan barnomsorg och skola<\/a><\/p>\n\n\n\n<p><\/p>\n","protected":false},"excerpt":{"rendered":"<p>Arbetsplan Handlingsplan f\u00f6r fostrande samtal J\u00e4mst\u00e4lldhets- och likabehandlingsplan Antimobbningsplan Barn- och elevh\u00e4lsoplan IKT-plan Plan f\u00f6r \u00f6verg\u00e5ng mellan barnomsorg och skola<\/p>\n","protected":false},"author":2,"featured_media":0,"parent":0,"menu_order":0,"comment_status":"closed","ping_status":"closed","template":"","meta":{"footnotes":""},"class_list":["post-75","page","type-page","status-publish","hentry"],"_links":{"self":[{"href":"https:\/\/kokargsk.eu\/index.php?rest_route=\/wp\/v2\/pages\/75","targetHints":{"allow":["GET"]}}],"collection":[{"href":"https:\/\/kokargsk.eu\/index.php?rest_route=\/wp\/v2\/pages"}],"about":[{"href":"https:\/\/kokargsk.eu\/index.php?rest_route=\/wp\/v2\/types\/page"}],"author":[{"embeddable":true,"href":"https:\/\/kokargsk.eu\/index.php?rest_route=\/wp\/v2\/users\/2"}],"replies":[{"embeddable":true,"href":"https:\/\/kokargsk.eu\/index.php?rest_route=%2Fwp%2Fv2%2Fcomments&post=75"}],"version-history":[{"count":18,"href":"https:\/\/kokargsk.eu\/index.php?rest_route=\/wp\/v2\/pages\/75\/revisions"}],"predecessor-version":[{"id":106,"href":"https:\/\/kokargsk.eu\/index.php?rest_route=\/wp\/v2\/pages\/75\/revisions\/106"}],"wp:attachment":[{"href":"https:\/\/kokargsk.eu\/index.php?rest_route=%2Fwp%2Fv2%2Fmedia&parent=75"}],"curies":[{"name":"wp","href":"https:\/\/api.w.org\/{rel}","templated":true}]}}